{"id":6617,"date":"2024-12-27T17:53:01","date_gmt":"2024-12-27T16:53:01","guid":{"rendered":"https:\/\/sare.eus\/bizumkada\/"},"modified":"2026-01-23T11:01:41","modified_gmt":"2026-01-23T10:01:41","slug":"bizumkada","status":"publish","type":"page","link":"https:\/\/sare.eus\/es\/bizumkada\/","title":{"rendered":"Bizumkada"},"content":{"rendered":"<p>[et_pb_section fb_built=\u00bb1&#8243; _builder_version=\u00bb4.27.4&#8243; _module_preset=\u00bbdefault\u00bb global_colors_info=\u00bb{}\u00bb][et_pb_row _builder_version=\u00bb4.27.4&#8243; _module_preset=\u00bbdefault\u00bb module_alignment=\u00bbcenter\u00bb global_colors_info=\u00bb{}\u00bb][et_pb_column type=\u00bb4_4&#8243; _builder_version=\u00bb4.27.4&#8243; _module_preset=\u00bbdefault\u00bb global_colors_info=\u00bb{}\u00bb][et_pb_image src=\u00bbhttps:\/\/sare.eus\/wp-content\/uploads\/2026\/01\/2026-bizumkada-banner-web-03.jpg\u00bb title_text=\u00bb2026 bizumkada banner web-03&#8243; align=\u00bbcenter\u00bb _builder_version=\u00bb4.27.4&#8243; _module_preset=\u00bbdefault\u00bb hover_enabled=\u00bb0&#8243; global_colors_info=\u00bb{}\u00bb sticky_enabled=\u00bb0&#8243;][\/et_pb_image][et_pb_text _builder_version=\u00bb4.27.4&#8243; _module_preset=\u00bbdefault\u00bb text_text_color=\u00bb#FFFFFF\u00bb header_font=\u00bb|800|||||||\u00bb header_text_align=\u00bbcenter\u00bb header_text_color=\u00bb#FFFFFF\u00bb header_font_size=\u00bb35px\u00bb background_color=\u00bb#0698dd\u00bb custom_padding=\u00bb10px||||false|false\u00bb global_colors_info=\u00bb{}\u00bb]<\/p>\n<h1>ELIGE C\u00d3MO HACER TU APORTACI\u00d3N<\/h1>\n<p>[\/et_pb_text][\/et_pb_column][\/et_pb_row][et_pb_row column_structure=\u00bb1_3,1_3,1_3&#8243; _builder_version=\u00bb4.27.4&#8243; _module_preset=\u00bbdefault\u00bb global_colors_info=\u00bb{}\u00bb][et_pb_column type=\u00bb1_3&#8243; _builder_version=\u00bb4.27.4&#8243; _module_preset=\u00bbdefault\u00bb global_colors_info=\u00bb{}\u00bb][et_pb_image src=\u00bbhttps:\/\/sare.eus\/wp-content\/uploads\/2025\/11\/1.jpg\u00bb title_text=\u00bb1&#8243; url=\u00bbhttps:\/\/sare.eus\/bizumkada-bizum\/\u00bb show_bottom_space=\u00bboff\u00bb align=\u00bbcenter\u00bb _builder_version=\u00bb4.27.4&#8243; _module_preset=\u00bbdefault\u00bb module_alignment=\u00bbcenter\u00bb custom_padding=\u00bb||||false|false\u00bb filter_saturate=\u00bb0%\u00bb global_colors_info=\u00bb{}\u00bb][\/et_pb_image][et_pb_text _builder_version=\u00bb4.27.4&#8243; _module_preset=\u00bbdefault\u00bb header_2_font=\u00bb|800|||||||\u00bb header_2_text_align=\u00bbcenter\u00bb header_2_text_color=\u00bb#FFFFFF\u00bb background_color=\u00bb#1c1c1c\u00bb custom_padding=\u00bb10px||||false|false\u00bb link_option_url=\u00bbhttps:\/\/sare.eus\/bizumkada-bizum\/\u00bb global_colors_info=\u00bb{}\u00bb transform_styles__hover_enabled=\u00bbon|hover\u00bb transform_scale__hover_enabled=\u00bbon|hover\u00bb transform_translate__hover_enabled=\u00bbon|desktop\u00bb transform_rotate__hover_enabled=\u00bbon|desktop\u00bb transform_skew__hover_enabled=\u00bbon|desktop\u00bb transform_origin__hover_enabled=\u00bbon|desktop\u00bb transform_scale__hover=\u00bb110%|110%\u00bb]<\/p>\n<h2>HACER BIZUM<\/h2>\n<p>[\/et_pb_text][\/et_pb_column][et_pb_column type=\u00bb1_3&#8243; _builder_version=\u00bb4.27.4&#8243; _module_preset=\u00bbdefault\u00bb global_colors_info=\u00bb{}\u00bb][et_pb_image src=\u00bbhttps:\/\/sare.eus\/wp-content\/uploads\/2025\/11\/2.jpg\u00bb title_text=\u00bb2&#8243; url=\u00bbhttps:\/\/sare.eus\/bizumkada-txartela\/\u00bb show_bottom_space=\u00bboff\u00bb align=\u00bbcenter\u00bb _builder_version=\u00bb4.27.4&#8243; _module_preset=\u00bbdefault\u00bb filter_saturate=\u00bb0%\u00bb global_colors_info=\u00bb{}\u00bb][\/et_pb_image][et_pb_text _builder_version=\u00bb4.27.4&#8243; _module_preset=\u00bbdefault\u00bb header_2_font=\u00bb|800|||||||\u00bb header_2_text_align=\u00bbcenter\u00bb header_2_text_color=\u00bb#FFFFFF\u00bb background_color=\u00bb#1c1c1c\u00bb custom_padding=\u00bb10px||||false|false\u00bb link_option_url=\u00bbhttps:\/\/sare.eus\/bizumkada-txartela\/\u00bb global_colors_info=\u00bb{}\u00bb transform_styles__hover_enabled=\u00bbon|hover\u00bb transform_scale__hover_enabled=\u00bbon|hover\u00bb transform_translate__hover_enabled=\u00bbon|desktop\u00bb transform_rotate__hover_enabled=\u00bbon|desktop\u00bb transform_skew__hover_enabled=\u00bbon|desktop\u00bb transform_origin__hover_enabled=\u00bbon|desktop\u00bb transform_scale__hover=\u00bb110%|110%\u00bb]<\/p>\n<h2>HACER CON TARJETA<\/h2>\n<p>[\/et_pb_text][\/et_pb_column][et_pb_column type=\u00bb1_3&#8243; _builder_version=\u00bb4.27.4&#8243; _module_preset=\u00bbdefault\u00bb global_colors_info=\u00bb{}\u00bb][et_pb_image src=\u00bbhttps:\/\/sare.eus\/wp-content\/uploads\/2025\/11\/3.jpg\u00bb title_text=\u00bb3&#8243; url=\u00bbhttps:\/\/sare.eus\/banku-tranferentzia\/\u00bb show_bottom_space=\u00bboff\u00bb align=\u00bbcenter\u00bb _builder_version=\u00bb4.27.4&#8243; _module_preset=\u00bbdefault\u00bb global_colors_info=\u00bb{}\u00bb][\/et_pb_image][et_pb_text _builder_version=\u00bb4.27.4&#8243; _module_preset=\u00bbdefault\u00bb header_2_font=\u00bb|800|||||||\u00bb header_2_text_align=\u00bbcenter\u00bb header_2_text_color=\u00bb#FFFFFF\u00bb background_color=\u00bb#1c1c1c\u00bb custom_padding=\u00bb10px||||false|false\u00bb link_option_url=\u00bbhttps:\/\/sare.eus\/banku-tranferentzia\/\u00bb global_colors_info=\u00bb{}\u00bb transform_styles__hover_enabled=\u00bbon|hover\u00bb transform_scale__hover_enabled=\u00bbon|hover\u00bb transform_translate__hover_enabled=\u00bbon|desktop\u00bb transform_rotate__hover_enabled=\u00bbon|desktop\u00bb transform_skew__hover_enabled=\u00bbon|desktop\u00bb transform_origin__hover_enabled=\u00bbon|desktop\u00bb transform_scale__hover=\u00bb110%|110%\u00bb]<\/p>\n<h2>TRANSFERENCIA<\/h2>\n<p>[\/et_pb_text][\/et_pb_column][\/et_pb_row][et_pb_row _builder_version=\u00bb4.27.4&#8243; _module_preset=\u00bbdefault\u00bb global_colors_info=\u00bb{}\u00bb][et_pb_column type=\u00bb4_4&#8243; _builder_version=\u00bb4.27.4&#8243; _module_preset=\u00bbdefault\u00bb global_colors_info=\u00bb{}\u00bb][et_pb_text _builder_version=\u00bb4.27.4&#8243; _module_preset=\u00bbdefault\u00bb text_font_size=\u00bb15px\u00bb global_colors_info=\u00bb{}\u00bb]<\/p>\n<p>En los \u00faltimos meses no hemos parado de afirmar que hemos dado grandes pasos hacia adelante en el proceso de resoluci\u00f3n de las consecuencias del conflicto y en el camino de vuelta a casa de las y los presos, huidos y deportados vascos.<\/p>\n<p><strong>El 10 de enero reivindicaremos que queremos culminar con \u00e9xito los procesos de resoluci\u00f3n y de regreso a casa. Los queremos en casa. Esta situaci\u00f3n no se puede alargar m\u00e1s.<\/strong><\/p>\n<p>Este a\u00f1o, por segunda vez, tanto en los d\u00edas previos como en los posteriores a la manifestaci\u00f3n del 10 de enero, la sociedad vasca tendr\u00e1 una nueva forma de aportar a esta movilizaci\u00f3n. Nosotros la hemos llamado \u00abBIZUMKADA NAZIONALA\u00bb, una iniciativa mediante la cual cualquier ciudadano o ciudadana podr\u00e1 realizar una aportaci\u00f3n econ\u00f3mica, asista o no a la manifestaci\u00f3n.<\/p>\n<p>SARE es una asociaci\u00f3n que trabaja con muy pocas subvenciones institucionales y que se sostiene gracias a las aportaciones de sus miembros y a las colectas que realizamos en los actos y manifestaciones que organizamos.<\/p>\n<p>Es evidente que necesitamos recursos para poder seguir desarrollando nuestra labor. Por eso ponemos en marcha la iniciativa \u00abBIZUMKADA NAZIONALA\u00bb, con el objetivo de trasladar a la sociedad vasca la necesidad de apoyo econ\u00f3mico para poder continuar con nuestro trabajo.<\/p>\n<p>Necesitamos de tu impulso, eskerrik asko!<\/p>\n<p>[\/et_pb_text][\/et_pb_column][\/et_pb_row][\/et_pb_section]<\/p>\n","protected":false},"excerpt":{"rendered":"<p>ELIGE C\u00d3MO HACER TU APORTACI\u00d3NHACER BIZUMHACER CON TARJETATRANSFERENCIAEn los \u00faltimos meses no hemos parado de afirmar que hemos dado grandes pasos hacia adelante en el proceso de resoluci\u00f3n de las [&hellip;]<\/p>\n","protected":false},"author":1,"featured_media":6595,"parent":0,"menu_order":0,"comment_status":"closed","ping_status":"closed","template":"","meta":{"_acf_changed":false,"_et_pb_use_builder":"on","_et_pb_old_content":"","_et_gb_content_width":"","footnotes":""},"class_list":["post-6617","page","type-page","status-publish","has-post-thumbnail","hentry"],"acf":[],"yoast_head":"<!-- This site is optimized with the Yoast SEO plugin v26.4 - https:\/\/yoast.com\/wordpress\/plugins\/seo\/ -->\n<title>Bizumkada - Sare Herritarra<\/title>\n<meta name=\"robots\" content=\"index, follow, max-snippet:-1, max-image-preview:large, max-video-preview:-1\" \/>\n<link rel=\"canonical\" href=\"https:\/\/sare.eus\/es\/bizumkada\/\" \/>\n<meta property=\"og:locale\" content=\"es_ES\" \/>\n<meta property=\"og:type\" content=\"article\" \/>\n<meta property=\"og:title\" content=\"Bizumkada - Sare Herritarra\" \/>\n<meta property=\"og:description\" content=\"ELIGE C\u00d3MO HACER TU APORTACI\u00d3NHACER BIZUMHACER CON TARJETATRANSFERENCIAEn los \u00faltimos meses no hemos parado de afirmar que hemos dado grandes pasos hacia adelante en el proceso de resoluci\u00f3n de las [&hellip;]\" \/>\n<meta property=\"og:url\" content=\"https:\/\/sare.eus\/es\/bizumkada\/\" \/>\n<meta property=\"og:site_name\" content=\"Sare Herritarra\" \/>\n<meta property=\"article:modified_time\" content=\"2026-01-23T10:01:41+00:00\" \/>\n<meta property=\"og:image\" content=\"https:\/\/sare.eus\/wp-content\/uploads\/2024\/12\/Bizum_kada_euskera-02.jpg\" \/>\n\t<meta property=\"og:image:width\" content=\"800\" \/>\n\t<meta property=\"og:image:height\" content=\"270\" \/>\n\t<meta property=\"og:image:type\" content=\"image\/jpeg\" \/>\n<meta name=\"twitter:card\" content=\"summary_large_image\" \/>\n<meta name=\"twitter:label1\" content=\"Tiempo de lectura\" \/>\n\t<meta name=\"twitter:data1\" content=\"3 minutos\" \/>\n<script type=\"application\/ld+json\" class=\"yoast-schema-graph\">{\"@context\":\"https:\/\/schema.org\",\"@graph\":[{\"@type\":\"WebPage\",\"@id\":\"https:\/\/sare.eus\/es\/bizumkada\/\",\"url\":\"https:\/\/sare.eus\/es\/bizumkada\/\",\"name\":\"Bizumkada - Sare Herritarra\",\"isPartOf\":{\"@id\":\"https:\/\/sare.eus\/#website\"},\"primaryImageOfPage\":{\"@id\":\"https:\/\/sare.eus\/es\/bizumkada\/#primaryimage\"},\"image\":{\"@id\":\"https:\/\/sare.eus\/es\/bizumkada\/#primaryimage\"},\"thumbnailUrl\":\"https:\/\/sare.eus\/wp-content\/uploads\/2024\/12\/Bizum_kada_euskera-02.jpg\",\"datePublished\":\"2024-12-27T16:53:01+00:00\",\"dateModified\":\"2026-01-23T10:01:41+00:00\",\"breadcrumb\":{\"@id\":\"https:\/\/sare.eus\/es\/bizumkada\/#breadcrumb\"},\"inLanguage\":\"es\",\"potentialAction\":[{\"@type\":\"ReadAction\",\"target\":[\"https:\/\/sare.eus\/es\/bizumkada\/\"]}]},{\"@type\":\"ImageObject\",\"inLanguage\":\"es\",\"@id\":\"https:\/\/sare.eus\/es\/bizumkada\/#primaryimage\",\"url\":\"https:\/\/sare.eus\/wp-content\/uploads\/2024\/12\/Bizum_kada_euskera-02.jpg\",\"contentUrl\":\"https:\/\/sare.eus\/wp-content\/uploads\/2024\/12\/Bizum_kada_euskera-02.jpg\",\"width\":800,\"height\":270},{\"@type\":\"BreadcrumbList\",\"@id\":\"https:\/\/sare.eus\/es\/bizumkada\/#breadcrumb\",\"itemListElement\":[{\"@type\":\"ListItem\",\"position\":1,\"name\":\"Home\",\"item\":\"https:\/\/sare.eus\/\"},{\"@type\":\"ListItem\",\"position\":2,\"name\":\"Bizumkada\"}]},{\"@type\":\"WebSite\",\"@id\":\"https:\/\/sare.eus\/#website\",\"url\":\"https:\/\/sare.eus\/\",\"name\":\"Sare Herritarra\",\"description\":\"KONPONBIDEAREN ETA GIZA ESKUBIDEEN ALDEKO SARE HERRITARRA\",\"publisher\":{\"@id\":\"https:\/\/sare.eus\/#organization\"},\"potentialAction\":[{\"@type\":\"SearchAction\",\"target\":{\"@type\":\"EntryPoint\",\"urlTemplate\":\"https:\/\/sare.eus\/?s={search_term_string}\"},\"query-input\":{\"@type\":\"PropertyValueSpecification\",\"valueRequired\":true,\"valueName\":\"search_term_string\"}}],\"inLanguage\":\"es\"},{\"@type\":\"Organization\",\"@id\":\"https:\/\/sare.eus\/#organization\",\"name\":\"Sare Herritarra\",\"url\":\"https:\/\/sare.eus\/\",\"logo\":{\"@type\":\"ImageObject\",\"inLanguage\":\"es\",\"@id\":\"https:\/\/sare.eus\/#\/schema\/logo\/image\/\",\"url\":\"https:\/\/sare.eus\/wp-content\/uploads\/2021\/08\/sare.png\",\"contentUrl\":\"https:\/\/sare.eus\/wp-content\/uploads\/2021\/08\/sare.png\",\"width\":120,\"height\":142,\"caption\":\"Sare Herritarra\"},\"image\":{\"@id\":\"https:\/\/sare.eus\/#\/schema\/logo\/image\/\"}}]}<\/script>\n<!-- \/ Yoast SEO plugin. -->","yoast_head_json":{"title":"Bizumkada - Sare Herritarra","robots":{"index":"index","follow":"follow","max-snippet":"max-snippet:-1","max-image-preview":"max-image-preview:large","max-video-preview":"max-video-preview:-1"},"canonical":"https:\/\/sare.eus\/es\/bizumkada\/","og_locale":"es_ES","og_type":"article","og_title":"Bizumkada - Sare Herritarra","og_description":"ELIGE C\u00d3MO HACER TU APORTACI\u00d3NHACER BIZUMHACER CON TARJETATRANSFERENCIAEn los \u00faltimos meses no hemos parado de afirmar que hemos dado grandes pasos hacia adelante en el proceso de resoluci\u00f3n de las [&hellip;]","og_url":"https:\/\/sare.eus\/es\/bizumkada\/","og_site_name":"Sare Herritarra","article_modified_time":"2026-01-23T10:01:41+00:00","og_image":[{"width":800,"height":270,"url":"https:\/\/sare.eus\/wp-content\/uploads\/2024\/12\/Bizum_kada_euskera-02.jpg","type":"image\/jpeg"}],"twitter_card":"summary_large_image","twitter_misc":{"Tiempo de lectura":"3 minutos"},"schema":{"@context":"https:\/\/schema.org","@graph":[{"@type":"WebPage","@id":"https:\/\/sare.eus\/es\/bizumkada\/","url":"https:\/\/sare.eus\/es\/bizumkada\/","name":"Bizumkada - Sare Herritarra","isPartOf":{"@id":"https:\/\/sare.eus\/#website"},"primaryImageOfPage":{"@id":"https:\/\/sare.eus\/es\/bizumkada\/#primaryimage"},"image":{"@id":"https:\/\/sare.eus\/es\/bizumkada\/#primaryimage"},"thumbnailUrl":"https:\/\/sare.eus\/wp-content\/uploads\/2024\/12\/Bizum_kada_euskera-02.jpg","datePublished":"2024-12-27T16:53:01+00:00","dateModified":"2026-01-23T10:01:41+00:00","breadcrumb":{"@id":"https:\/\/sare.eus\/es\/bizumkada\/#breadcrumb"},"inLanguage":"es","potentialAction":[{"@type":"ReadAction","target":["https:\/\/sare.eus\/es\/bizumkada\/"]}]},{"@type":"ImageObject","inLanguage":"es","@id":"https:\/\/sare.eus\/es\/bizumkada\/#primaryimage","url":"https:\/\/sare.eus\/wp-content\/uploads\/2024\/12\/Bizum_kada_euskera-02.jpg","contentUrl":"https:\/\/sare.eus\/wp-content\/uploads\/2024\/12\/Bizum_kada_euskera-02.jpg","width":800,"height":270},{"@type":"BreadcrumbList","@id":"https:\/\/sare.eus\/es\/bizumkada\/#breadcrumb","itemListElement":[{"@type":"ListItem","position":1,"name":"Home","item":"https:\/\/sare.eus\/"},{"@type":"ListItem","position":2,"name":"Bizumkada"}]},{"@type":"WebSite","@id":"https:\/\/sare.eus\/#website","url":"https:\/\/sare.eus\/","name":"Sare Herritarra","description":"KONPONBIDEAREN ETA GIZA ESKUBIDEEN ALDEKO SARE HERRITARRA","publisher":{"@id":"https:\/\/sare.eus\/#organization"},"potentialAction":[{"@type":"SearchAction","target":{"@type":"EntryPoint","urlTemplate":"https:\/\/sare.eus\/?s={search_term_string}"},"query-input":{"@type":"PropertyValueSpecification","valueRequired":true,"valueName":"search_term_string"}}],"inLanguage":"es"},{"@type":"Organization","@id":"https:\/\/sare.eus\/#organization","name":"Sare Herritarra","url":"https:\/\/sare.eus\/","logo":{"@type":"ImageObject","inLanguage":"es","@id":"https:\/\/sare.eus\/#\/schema\/logo\/image\/","url":"https:\/\/sare.eus\/wp-content\/uploads\/2021\/08\/sare.png","contentUrl":"https:\/\/sare.eus\/wp-content\/uploads\/2021\/08\/sare.png","width":120,"height":142,"caption":"Sare Herritarra"},"image":{"@id":"https:\/\/sare.eus\/#\/schema\/logo\/image\/"}}]}},"_links":{"self":[{"href":"https:\/\/sare.eus\/es\/wp-json\/wp\/v2\/pages\/6617","targetHints":{"allow":["GET"]}}],"collection":[{"href":"https:\/\/sare.eus\/es\/wp-json\/wp\/v2\/pages"}],"about":[{"href":"https:\/\/sare.eus\/es\/wp-json\/wp\/v2\/types\/page"}],"author":[{"embeddable":true,"href":"https:\/\/sare.eus\/es\/wp-json\/wp\/v2\/users\/1"}],"replies":[{"embeddable":true,"href":"https:\/\/sare.eus\/es\/wp-json\/wp\/v2\/comments?post=6617"}],"version-history":[{"count":9,"href":"https:\/\/sare.eus\/es\/wp-json\/wp\/v2\/pages\/6617\/revisions"}],"predecessor-version":[{"id":9177,"href":"https:\/\/sare.eus\/es\/wp-json\/wp\/v2\/pages\/6617\/revisions\/9177"}],"wp:featuredmedia":[{"embeddable":true,"href":"https:\/\/sare.eus\/es\/wp-json\/wp\/v2\/media\/6595"}],"wp:attachment":[{"href":"https:\/\/sare.eus\/es\/wp-json\/wp\/v2\/media?parent=6617"}],"curies":[{"name":"wp","href":"https:\/\/api.w.org\/{rel}","templated":true}]}}