{"id":1712,"date":"2021-11-23T09:00:05","date_gmt":"2021-11-23T09:00:05","guid":{"rendered":"https:\/\/sare.eus\/bases-del-sorteo\/"},"modified":"2025-03-28T09:37:04","modified_gmt":"2025-03-28T08:37:04","slug":"bases-del-sorteo","status":"publish","type":"page","link":"https:\/\/sare.eus\/es\/bases-del-sorteo\/","title":{"rendered":"Bases del sorteo"},"content":{"rendered":"<p>[et_pb_section fb_built=\u00bb1&#8243; _builder_version=\u00bb4.16&#8243; _module_preset=\u00bbdefault\u00bb custom_padding=\u00bb0px|||||\u00bb global_colors_info=\u00bb{}\u00bb][et_pb_row _builder_version=\u00bb4.16&#8243; _module_preset=\u00bbdefault\u00bb global_colors_info=\u00bb{}\u00bb][et_pb_column type=\u00bb4_4&#8243; _builder_version=\u00bb4.16&#8243; _module_preset=\u00bbdefault\u00bb global_colors_info=\u00bb{}\u00bb][et_pb_text _builder_version=\u00bb4.27.4&#8243; _module_preset=\u00bbdefault\u00bb hover_enabled=\u00bb0&#8243; global_colors_info=\u00bb{}\u00bb sticky_enabled=\u00bb0&#8243;]<\/p>\n<p>&nbsp;<\/p>\n<p><strong>1. OBJETO DE LA CAMPAN\u0303A PROMOCIONAL <\/strong><br \/>SARE ELKARTEA, con domicilio social en Calle Kutxa, 7 bajo, C.P. 01012, Vitoria-Gasteiz, y C.I.F. G75127555, organiza, del 1 de abril al 23 de diciembre de 2025, su rifa \u201cETXERA BIDEA GERTU\u201d, de conformidad con lo establecido en las presentes bases.<\/p>\n<p><strong>2. A\u0301MBITO TERRITORIAL Y TEMPORAL DE LA PROMOCIO\u0301N <\/strong><br \/>La presente promocio\u0301n estara\u0301 vigente desde el domingo 1 de abril de 2025 al 23 de diciembre de 2025<br \/>El sorteo se dar\u00e1 a conocer en las Redes Sociales de Sare, (Facebook, Instagram, \u2026), as\u00ed como en su p\u00e1gina web (www.sare.eus)<br \/>Entrar\u00e1n en el sorteo todas las personas mayores de 18 a\u00f1os que adquieran un boleto de la rifa.<br \/>La participaci\u00f3n en este Sorteo supone la aceptacio\u0301n de las presentes bases.<\/p>\n<p><strong>3. MECA\u0301NICA Y PREMIOS DE LA PROMOCIO\u0301N <\/strong><br \/>El d\u00eda 23 de diciembre de 2025 se celebrara\u0301, ante Notario, el sorteo para elegir los 3 ganadores y los 10 suplentes.<br \/>Los premios consisten en:<\/p>\n<p>1\u00ba Premio dos bonos de viaje de 999 \u20ac<\/p>\n<p>2\u00ba Premio un bono de viaje de 999 \u20ac<\/p>\n<p>3\u00ba Premio en el Hostal de Larrion Una noche para dos personas + desayuno<\/p>\n<p>&nbsp;<\/p>\n<p><strong><em>4. COMUNICACIO\u0301N A LOS GANADORES <\/em><\/strong><br \/>Los ganadores y los suplentes se dar\u00e1n a conocer mediante la publicaci\u00f3n de los n\u00fameros agraciados en las Redes Sociales y en la p\u00e1gina web de Sare. Si pasados diez d\u00edas h\u00e1biles no fuera posible contactar con el ganador, el premio se entregara\u0301 al siguiente ganador que se haya quedado como \u201csuplente\u201d.<\/p>\n<p><strong><em>5. DERECHOS DE IMAGEN <\/em><\/strong><br \/>De conformidad con la Ley Org\u00e1nica 1\/1982, 5 de mayo, de Protecci\u00f3n Civil del Derecho de Honor, a la Intimidad Personal y Familiar y a la Propia Imagen, y con Ley Org\u00e1nica 15\/1999, de 13 de diciembre, de Protecci\u00f3n de Datos de Car\u00e1cter Personal, la persona ganadora autoriza a Sare a utilizar su imagen en la web, as\u00ed como en los perfiles de las Redes Sociales, sin derecho a percibir contraprestaci\u00f3n de clase alguna.<\/p>\n<p><strong>6. PROTECCIO\u0301N DE DATOS <\/strong><br \/>Los datos de los ganadores se tratar\u00e1n conforme a las disposiciones de la Ley Org\u00e1nica 15\/1999, de 13 de diciembre de Protecci\u00f3n de Datos de car\u00e1cter personal La indicaci\u00f3n de los datos personales de los ganadores tendr\u00e1\u0301 car\u00e1cter obligatorio para la gesti\u00f3n del Premio.<\/p>\n<p><strong>7. ACEPTACIO\u0301N DE LAS BASES <\/strong><br \/>La participaci\u00f3n en la rifa supone la aceptaci\u00f3n expresa y sin reservas de las presentes bases, que ser\u00e1n accesibles desde la p\u00e1gina Web y quedar\u00e1n depositadas ante notario.<\/p>\n<p><strong>\u2022 Nota:<\/strong> Seg\u00fan la normativa vigente, no se permiten pagos de m\u00e1s de 999\u20ac en efectivo y las tarjetas regalo viaje son consideradas como tal.<\/p>\n<p>[\/et_pb_text][\/et_pb_column][\/et_pb_row][\/et_pb_section]<\/p>\n","protected":false},"excerpt":{"rendered":"<p>&nbsp; 1. OBJETO DE LA CAMPAN\u0303A PROMOCIONAL SARE ELKARTEA, con domicilio social en Calle Kutxa, 7 bajo, C.P. 01012, Vitoria-Gasteiz, y C.I.F. G75127555, organiza, del 1 de abril al 23 [&hellip;]<\/p>\n","protected":false},"author":1,"featured_media":0,"parent":0,"menu_order":0,"comment_status":"closed","ping_status":"closed","template":"","meta":{"_acf_changed":false,"_et_pb_use_builder":"on","_et_pb_old_content":"","_et_gb_content_width":"","footnotes":""},"class_list":["post-1712","page","type-page","status-publish","hentry"],"acf":[],"yoast_head":"<!-- This site is optimized with the Yoast SEO plugin v26.4 - https:\/\/yoast.com\/wordpress\/plugins\/seo\/ -->\n<title>Bases del sorteo - Sare Herritarra<\/title>\n<meta name=\"robots\" content=\"index, follow, max-snippet:-1, max-image-preview:large, max-video-preview:-1\" \/>\n<link rel=\"canonical\" href=\"https:\/\/sare.eus\/es\/bases-del-sorteo\/\" \/>\n<meta property=\"og:locale\" content=\"es_ES\" \/>\n<meta property=\"og:type\" content=\"article\" \/>\n<meta property=\"og:title\" content=\"Bases del sorteo - Sare Herritarra\" \/>\n<meta property=\"og:description\" content=\"&nbsp; 1. OBJETO DE LA CAMPAN\u0303A PROMOCIONAL SARE ELKARTEA, con domicilio social en Calle Kutxa, 7 bajo, C.P. 01012, Vitoria-Gasteiz, y C.I.F. G75127555, organiza, del 1 de abril al 23 [&hellip;]\" \/>\n<meta property=\"og:url\" content=\"https:\/\/sare.eus\/es\/bases-del-sorteo\/\" \/>\n<meta property=\"og:site_name\" content=\"Sare Herritarra\" \/>\n<meta property=\"article:modified_time\" content=\"2025-03-28T08:37:04+00:00\" \/>\n<meta property=\"og:image\" content=\"https:\/\/sare.eus\/wp-content\/uploads\/2021\/08\/cropped-sare.png\" \/>\n\t<meta property=\"og:image:width\" content=\"512\" \/>\n\t<meta property=\"og:image:height\" content=\"512\" \/>\n\t<meta property=\"og:image:type\" content=\"image\/png\" \/>\n<meta name=\"twitter:card\" content=\"summary_large_image\" \/>\n<meta name=\"twitter:label1\" content=\"Tiempo de lectura\" \/>\n\t<meta name=\"twitter:data1\" content=\"3 minutos\" \/>\n<script type=\"application\/ld+json\" class=\"yoast-schema-graph\">{\"@context\":\"https:\/\/schema.org\",\"@graph\":[{\"@type\":\"WebPage\",\"@id\":\"https:\/\/sare.eus\/es\/bases-del-sorteo\/\",\"url\":\"https:\/\/sare.eus\/es\/bases-del-sorteo\/\",\"name\":\"Bases del sorteo - Sare Herritarra\",\"isPartOf\":{\"@id\":\"https:\/\/sare.eus\/#website\"},\"datePublished\":\"2021-11-23T09:00:05+00:00\",\"dateModified\":\"2025-03-28T08:37:04+00:00\",\"breadcrumb\":{\"@id\":\"https:\/\/sare.eus\/es\/bases-del-sorteo\/#breadcrumb\"},\"inLanguage\":\"es\",\"potentialAction\":[{\"@type\":\"ReadAction\",\"target\":[\"https:\/\/sare.eus\/es\/bases-del-sorteo\/\"]}]},{\"@type\":\"BreadcrumbList\",\"@id\":\"https:\/\/sare.eus\/es\/bases-del-sorteo\/#breadcrumb\",\"itemListElement\":[{\"@type\":\"ListItem\",\"position\":1,\"name\":\"Home\",\"item\":\"https:\/\/sare.eus\/\"},{\"@type\":\"ListItem\",\"position\":2,\"name\":\"Bases del sorteo\"}]},{\"@type\":\"WebSite\",\"@id\":\"https:\/\/sare.eus\/#website\",\"url\":\"https:\/\/sare.eus\/\",\"name\":\"Sare Herritarra\",\"description\":\"KONPONBIDEAREN ETA GIZA ESKUBIDEEN ALDEKO SARE HERRITARRA\",\"publisher\":{\"@id\":\"https:\/\/sare.eus\/#organization\"},\"potentialAction\":[{\"@type\":\"SearchAction\",\"target\":{\"@type\":\"EntryPoint\",\"urlTemplate\":\"https:\/\/sare.eus\/?s={search_term_string}\"},\"query-input\":{\"@type\":\"PropertyValueSpecification\",\"valueRequired\":true,\"valueName\":\"search_term_string\"}}],\"inLanguage\":\"es\"},{\"@type\":\"Organization\",\"@id\":\"https:\/\/sare.eus\/#organization\",\"name\":\"Sare Herritarra\",\"url\":\"https:\/\/sare.eus\/\",\"logo\":{\"@type\":\"ImageObject\",\"inLanguage\":\"es\",\"@id\":\"https:\/\/sare.eus\/#\/schema\/logo\/image\/\",\"url\":\"https:\/\/sare.eus\/wp-content\/uploads\/2021\/08\/sare.png\",\"contentUrl\":\"https:\/\/sare.eus\/wp-content\/uploads\/2021\/08\/sare.png\",\"width\":120,\"height\":142,\"caption\":\"Sare Herritarra\"},\"image\":{\"@id\":\"https:\/\/sare.eus\/#\/schema\/logo\/image\/\"}}]}<\/script>\n<!-- \/ Yoast SEO plugin. -->","yoast_head_json":{"title":"Bases del sorteo - Sare Herritarra","robots":{"index":"index","follow":"follow","max-snippet":"max-snippet:-1","max-image-preview":"max-image-preview:large","max-video-preview":"max-video-preview:-1"},"canonical":"https:\/\/sare.eus\/es\/bases-del-sorteo\/","og_locale":"es_ES","og_type":"article","og_title":"Bases del sorteo - Sare Herritarra","og_description":"&nbsp; 1. OBJETO DE LA CAMPAN\u0303A PROMOCIONAL SARE ELKARTEA, con domicilio social en Calle Kutxa, 7 bajo, C.P. 01012, Vitoria-Gasteiz, y C.I.F. G75127555, organiza, del 1 de abril al 23 [&hellip;]","og_url":"https:\/\/sare.eus\/es\/bases-del-sorteo\/","og_site_name":"Sare Herritarra","article_modified_time":"2025-03-28T08:37:04+00:00","og_image":[{"width":512,"height":512,"url":"https:\/\/sare.eus\/wp-content\/uploads\/2021\/08\/cropped-sare.png","type":"image\/png"}],"twitter_card":"summary_large_image","twitter_misc":{"Tiempo de lectura":"3 minutos"},"schema":{"@context":"https:\/\/schema.org","@graph":[{"@type":"WebPage","@id":"https:\/\/sare.eus\/es\/bases-del-sorteo\/","url":"https:\/\/sare.eus\/es\/bases-del-sorteo\/","name":"Bases del sorteo - Sare Herritarra","isPartOf":{"@id":"https:\/\/sare.eus\/#website"},"datePublished":"2021-11-23T09:00:05+00:00","dateModified":"2025-03-28T08:37:04+00:00","breadcrumb":{"@id":"https:\/\/sare.eus\/es\/bases-del-sorteo\/#breadcrumb"},"inLanguage":"es","potentialAction":[{"@type":"ReadAction","target":["https:\/\/sare.eus\/es\/bases-del-sorteo\/"]}]},{"@type":"BreadcrumbList","@id":"https:\/\/sare.eus\/es\/bases-del-sorteo\/#breadcrumb","itemListElement":[{"@type":"ListItem","position":1,"name":"Home","item":"https:\/\/sare.eus\/"},{"@type":"ListItem","position":2,"name":"Bases del sorteo"}]},{"@type":"WebSite","@id":"https:\/\/sare.eus\/#website","url":"https:\/\/sare.eus\/","name":"Sare Herritarra","description":"KONPONBIDEAREN ETA GIZA ESKUBIDEEN ALDEKO SARE HERRITARRA","publisher":{"@id":"https:\/\/sare.eus\/#organization"},"potentialAction":[{"@type":"SearchAction","target":{"@type":"EntryPoint","urlTemplate":"https:\/\/sare.eus\/?s={search_term_string}"},"query-input":{"@type":"PropertyValueSpecification","valueRequired":true,"valueName":"search_term_string"}}],"inLanguage":"es"},{"@type":"Organization","@id":"https:\/\/sare.eus\/#organization","name":"Sare Herritarra","url":"https:\/\/sare.eus\/","logo":{"@type":"ImageObject","inLanguage":"es","@id":"https:\/\/sare.eus\/#\/schema\/logo\/image\/","url":"https:\/\/sare.eus\/wp-content\/uploads\/2021\/08\/sare.png","contentUrl":"https:\/\/sare.eus\/wp-content\/uploads\/2021\/08\/sare.png","width":120,"height":142,"caption":"Sare Herritarra"},"image":{"@id":"https:\/\/sare.eus\/#\/schema\/logo\/image\/"}}]}},"_links":{"self":[{"href":"https:\/\/sare.eus\/es\/wp-json\/wp\/v2\/pages\/1712","targetHints":{"allow":["GET"]}}],"collection":[{"href":"https:\/\/sare.eus\/es\/wp-json\/wp\/v2\/pages"}],"about":[{"href":"https:\/\/sare.eus\/es\/wp-json\/wp\/v2\/types\/page"}],"author":[{"embeddable":true,"href":"https:\/\/sare.eus\/es\/wp-json\/wp\/v2\/users\/1"}],"replies":[{"embeddable":true,"href":"https:\/\/sare.eus\/es\/wp-json\/wp\/v2\/comments?post=1712"}],"version-history":[{"count":14,"href":"https:\/\/sare.eus\/es\/wp-json\/wp\/v2\/pages\/1712\/revisions"}],"predecessor-version":[{"id":7860,"href":"https:\/\/sare.eus\/es\/wp-json\/wp\/v2\/pages\/1712\/revisions\/7860"}],"wp:attachment":[{"href":"https:\/\/sare.eus\/es\/wp-json\/wp\/v2\/media?parent=1712"}],"curies":[{"name":"wp","href":"https:\/\/api.w.org\/{rel}","templated":true}]}}