{"id":1461,"date":"2021-11-09T17:17:55","date_gmt":"2021-11-09T17:17:55","guid":{"rendered":"https:\/\/sare.eus\/politica-de-cookies\/"},"modified":"2021-11-09T17:17:55","modified_gmt":"2021-11-09T17:17:55","slug":"politica-de-cookies","status":"publish","type":"page","link":"https:\/\/sare.eus\/es\/politica-de-cookies\/","title":{"rendered":"Politica de cookies"},"content":{"rendered":"<p>[et_pb_section fb_built=\u00bb1&#8243; _builder_version=\u00bb4.11.2&#8243; _module_preset=\u00bbdefault\u00bb custom_padding=\u00bb0px|||||\u00bb global_colors_info=\u00bb{}\u00bb][et_pb_row _builder_version=\u00bb4.11.2&#8243; _module_preset=\u00bbdefault\u00bb global_colors_info=\u00bb{}\u00bb][et_pb_column type=\u00bb4_4&#8243; _builder_version=\u00bb4.11.2&#8243; _module_preset=\u00bbdefault\u00bb global_colors_info=\u00bb{}\u00bb][et_pb_text _builder_version=\u00bb4.11.3&#8243; _module_preset=\u00bbdefault\u00bb hover_enabled=\u00bb0&#8243; global_colors_info=\u00bb{}\u00bb sticky_enabled=\u00bb0&#8243;]<\/p>\n<p><strong>\u00bfQu\u00e9 son las Cookies?<\/strong><\/p>\n<p>Una cookie es un archivo de texto que se almacena en su equipo. Las cookies almacenan fragmentos de informaci\u00f3n que utilizamos para que nuestra web funcione. No pueden ejecutar ning\u00fan c\u00f3digo y no contienen virus. Nadie, excepto nosotros, puede leer nuestras cookies.<\/p>\n<p><strong>\u00bfC\u00f3mo usamos las Cookies?<\/strong><\/p>\n<p>WWW.SARE.EUS usa cookies para mejorar tu experiencia en nuestra web. Adem\u00e1s: Ciertas cookies son fundamentales para el funcionamiento correcto de nuestra web. No seguimos tus actividad personales cuando no est\u00e1s en WWW.SARE.EUS (a menos que hagas click en una aplicaci\u00f3n de WWW.SARE.EUS fuera de la web). Usamos cookies anal\u00edticas para ayudarnos a entender qu\u00e9 contenido es m\u00e1s \u00fatil para nuestros visitantes.<\/p>\n<p><strong>Tipos de Cookies que usamos<\/strong><\/p>\n<p>Seguridad: Estas cookies nos permiten proteger el acceso a tu cuenta.<\/p>\n<p>Anal\u00edtica: Seguimos y analizamos las tendencias del tr\u00e1fico en la web para identificar contenido popular o eventuales problemas en la web.<\/p>\n<p>Publicidad: Usamos informaci\u00f3n no identificable sobre t\u00ed para mostrarte publicidad en nuestra web.<\/p>\n<p><strong>Tus opciones respecto a las Cookies<\/strong><\/p>\n<p>Puedes escoger que tu ordenador te avise cada vez que una cookie est\u00e1 siendo activada, o desactivar todas las cookies. Puedes definir tus preferencias en la configuraci\u00f3n de tu navegador. Sin embargo, como cada navegador es diferente, debes consultar el men\u00fa de Ayuda de tu navegador para saber c\u00f3mo modificar tus cookies. Si decides desactivar tus cookies, no tendr\u00e1s acceso a muchas opciones que podr\u00edan mejorar tu experiencia. Adem\u00e1s, algunos de nuestros servicios no funcionar\u00e1n correctamente.<\/p>\n<p><strong>Garant\u00edas complementarias \u2013 Gesti\u00f3n de cookies:<\/strong><\/p>\n<p>Todos los navegadores de Internet permiten limitar el comportamiento de una cookie o desactivar las cookies dentro de la configuraci\u00f3n o las opciones del navegador. Los pasos para hacerlo son diferentes para cada navegador, pudi\u00e9ndose encontrar instrucciones en el men\u00fa de ayuda de tu navegador. Muchos navegadores permiten activar un modo privado mediante el cual las cookies se borran siempre despu\u00e9s de la visita. Dependiendo de cada navegador este modo privado, puede tener diferentes nombres. A continuaci\u00f3n se puede encontrar una lista de los navegadores m\u00e1s comunes con un enlace a la configuraci\u00f3n de cookies y los diferentes nombres de este \u201cmodo privado\u201d:<\/p>\n<p>\u2022 Internet Explorer 8 y superior; InPrivate<\/p>\n<p>\u2022 Safari 2 y superior; Navegaci\u00f3n Privada<\/p>\n<p>\u2022 Opera 10.5 y superior; Navegaci\u00f3n Privada<\/p>\n<p>\u2022 FireFox 3.5 y superior; Navegaci\u00f3n Privada<\/p>\n<p>\u2022 Google Chrome 10 y superior; Inc\u00f3gnito<\/p>\n<p>[\/et_pb_text][\/et_pb_column][\/et_pb_row][\/et_pb_section]<\/p>\n","protected":false},"excerpt":{"rendered":"<p>\u00bfQu\u00e9 son las Cookies? Una cookie es un archivo de texto que se almacena en su equipo. Las cookies almacenan fragmentos de informaci\u00f3n que utilizamos para que nuestra web funcione. [&hellip;]<\/p>\n","protected":false},"author":1,"featured_media":0,"parent":0,"menu_order":0,"comment_status":"closed","ping_status":"closed","template":"","meta":{"_acf_changed":false,"_et_pb_use_builder":"on","_et_pb_old_content":"","_et_gb_content_width":"","footnotes":""},"class_list":["post-1461","page","type-page","status-publish","hentry"],"acf":[],"yoast_head":"<!-- This site is optimized with the Yoast SEO plugin v26.4 - https:\/\/yoast.com\/wordpress\/plugins\/seo\/ -->\n<title>Politica de cookies - Sare Herritarra<\/title>\n<meta name=\"robots\" content=\"index, follow, max-snippet:-1, max-image-preview:large, max-video-preview:-1\" \/>\n<link rel=\"canonical\" href=\"https:\/\/sare.eus\/es\/politica-de-cookies\/\" \/>\n<meta property=\"og:locale\" content=\"es_ES\" \/>\n<meta property=\"og:type\" content=\"article\" \/>\n<meta property=\"og:title\" content=\"Politica de cookies - Sare Herritarra\" \/>\n<meta property=\"og:description\" content=\"\u00bfQu\u00e9 son las Cookies? Una cookie es un archivo de texto que se almacena en su equipo. Las cookies almacenan fragmentos de informaci\u00f3n que utilizamos para que nuestra web funcione. [&hellip;]\" \/>\n<meta property=\"og:url\" content=\"https:\/\/sare.eus\/es\/politica-de-cookies\/\" \/>\n<meta property=\"og:site_name\" content=\"Sare Herritarra\" \/>\n<meta property=\"og:image\" content=\"https:\/\/sare.eus\/wp-content\/uploads\/2021\/08\/cropped-sare.png\" \/>\n\t<meta property=\"og:image:width\" content=\"512\" \/>\n\t<meta property=\"og:image:height\" content=\"512\" \/>\n\t<meta property=\"og:image:type\" content=\"image\/png\" \/>\n<meta name=\"twitter:card\" content=\"summary_large_image\" \/>\n<meta name=\"twitter:label1\" content=\"Tiempo de lectura\" \/>\n\t<meta name=\"twitter:data1\" content=\"2 minutos\" \/>\n<script type=\"application\/ld+json\" class=\"yoast-schema-graph\">{\"@context\":\"https:\/\/schema.org\",\"@graph\":[{\"@type\":\"WebPage\",\"@id\":\"https:\/\/sare.eus\/es\/politica-de-cookies\/\",\"url\":\"https:\/\/sare.eus\/es\/politica-de-cookies\/\",\"name\":\"Politica de cookies - Sare Herritarra\",\"isPartOf\":{\"@id\":\"https:\/\/sare.eus\/#website\"},\"datePublished\":\"2021-11-09T17:17:55+00:00\",\"breadcrumb\":{\"@id\":\"https:\/\/sare.eus\/es\/politica-de-cookies\/#breadcrumb\"},\"inLanguage\":\"es\",\"potentialAction\":[{\"@type\":\"ReadAction\",\"target\":[\"https:\/\/sare.eus\/es\/politica-de-cookies\/\"]}]},{\"@type\":\"BreadcrumbList\",\"@id\":\"https:\/\/sare.eus\/es\/politica-de-cookies\/#breadcrumb\",\"itemListElement\":[{\"@type\":\"ListItem\",\"position\":1,\"name\":\"Home\",\"item\":\"https:\/\/sare.eus\/\"},{\"@type\":\"ListItem\",\"position\":2,\"name\":\"Politica de cookies\"}]},{\"@type\":\"WebSite\",\"@id\":\"https:\/\/sare.eus\/#website\",\"url\":\"https:\/\/sare.eus\/\",\"name\":\"Sare Herritarra\",\"description\":\"KONPONBIDEAREN ETA GIZA ESKUBIDEEN ALDEKO SARE HERRITARRA\",\"publisher\":{\"@id\":\"https:\/\/sare.eus\/#organization\"},\"potentialAction\":[{\"@type\":\"SearchAction\",\"target\":{\"@type\":\"EntryPoint\",\"urlTemplate\":\"https:\/\/sare.eus\/?s={search_term_string}\"},\"query-input\":{\"@type\":\"PropertyValueSpecification\",\"valueRequired\":true,\"valueName\":\"search_term_string\"}}],\"inLanguage\":\"es\"},{\"@type\":\"Organization\",\"@id\":\"https:\/\/sare.eus\/#organization\",\"name\":\"Sare Herritarra\",\"url\":\"https:\/\/sare.eus\/\",\"logo\":{\"@type\":\"ImageObject\",\"inLanguage\":\"es\",\"@id\":\"https:\/\/sare.eus\/#\/schema\/logo\/image\/\",\"url\":\"https:\/\/sare.eus\/wp-content\/uploads\/2021\/08\/sare.png\",\"contentUrl\":\"https:\/\/sare.eus\/wp-content\/uploads\/2021\/08\/sare.png\",\"width\":120,\"height\":142,\"caption\":\"Sare Herritarra\"},\"image\":{\"@id\":\"https:\/\/sare.eus\/#\/schema\/logo\/image\/\"}}]}<\/script>\n<!-- \/ Yoast SEO plugin. -->","yoast_head_json":{"title":"Politica de cookies - Sare Herritarra","robots":{"index":"index","follow":"follow","max-snippet":"max-snippet:-1","max-image-preview":"max-image-preview:large","max-video-preview":"max-video-preview:-1"},"canonical":"https:\/\/sare.eus\/es\/politica-de-cookies\/","og_locale":"es_ES","og_type":"article","og_title":"Politica de cookies - Sare Herritarra","og_description":"\u00bfQu\u00e9 son las Cookies? Una cookie es un archivo de texto que se almacena en su equipo. Las cookies almacenan fragmentos de informaci\u00f3n que utilizamos para que nuestra web funcione. [&hellip;]","og_url":"https:\/\/sare.eus\/es\/politica-de-cookies\/","og_site_name":"Sare Herritarra","og_image":[{"width":512,"height":512,"url":"https:\/\/sare.eus\/wp-content\/uploads\/2021\/08\/cropped-sare.png","type":"image\/png"}],"twitter_card":"summary_large_image","twitter_misc":{"Tiempo de lectura":"2 minutos"},"schema":{"@context":"https:\/\/schema.org","@graph":[{"@type":"WebPage","@id":"https:\/\/sare.eus\/es\/politica-de-cookies\/","url":"https:\/\/sare.eus\/es\/politica-de-cookies\/","name":"Politica de cookies - Sare Herritarra","isPartOf":{"@id":"https:\/\/sare.eus\/#website"},"datePublished":"2021-11-09T17:17:55+00:00","breadcrumb":{"@id":"https:\/\/sare.eus\/es\/politica-de-cookies\/#breadcrumb"},"inLanguage":"es","potentialAction":[{"@type":"ReadAction","target":["https:\/\/sare.eus\/es\/politica-de-cookies\/"]}]},{"@type":"BreadcrumbList","@id":"https:\/\/sare.eus\/es\/politica-de-cookies\/#breadcrumb","itemListElement":[{"@type":"ListItem","position":1,"name":"Home","item":"https:\/\/sare.eus\/"},{"@type":"ListItem","position":2,"name":"Politica de cookies"}]},{"@type":"WebSite","@id":"https:\/\/sare.eus\/#website","url":"https:\/\/sare.eus\/","name":"Sare Herritarra","description":"KONPONBIDEAREN ETA GIZA ESKUBIDEEN ALDEKO SARE HERRITARRA","publisher":{"@id":"https:\/\/sare.eus\/#organization"},"potentialAction":[{"@type":"SearchAction","target":{"@type":"EntryPoint","urlTemplate":"https:\/\/sare.eus\/?s={search_term_string}"},"query-input":{"@type":"PropertyValueSpecification","valueRequired":true,"valueName":"search_term_string"}}],"inLanguage":"es"},{"@type":"Organization","@id":"https:\/\/sare.eus\/#organization","name":"Sare Herritarra","url":"https:\/\/sare.eus\/","logo":{"@type":"ImageObject","inLanguage":"es","@id":"https:\/\/sare.eus\/#\/schema\/logo\/image\/","url":"https:\/\/sare.eus\/wp-content\/uploads\/2021\/08\/sare.png","contentUrl":"https:\/\/sare.eus\/wp-content\/uploads\/2021\/08\/sare.png","width":120,"height":142,"caption":"Sare Herritarra"},"image":{"@id":"https:\/\/sare.eus\/#\/schema\/logo\/image\/"}}]}},"_links":{"self":[{"href":"https:\/\/sare.eus\/es\/wp-json\/wp\/v2\/pages\/1461","targetHints":{"allow":["GET"]}}],"collection":[{"href":"https:\/\/sare.eus\/es\/wp-json\/wp\/v2\/pages"}],"about":[{"href":"https:\/\/sare.eus\/es\/wp-json\/wp\/v2\/types\/page"}],"author":[{"embeddable":true,"href":"https:\/\/sare.eus\/es\/wp-json\/wp\/v2\/users\/1"}],"replies":[{"embeddable":true,"href":"https:\/\/sare.eus\/es\/wp-json\/wp\/v2\/comments?post=1461"}],"version-history":[{"count":2,"href":"https:\/\/sare.eus\/es\/wp-json\/wp\/v2\/pages\/1461\/revisions"}],"predecessor-version":[{"id":1463,"href":"https:\/\/sare.eus\/es\/wp-json\/wp\/v2\/pages\/1461\/revisions\/1463"}],"wp:attachment":[{"href":"https:\/\/sare.eus\/es\/wp-json\/wp\/v2\/media?parent=1461"}],"curies":[{"name":"wp","href":"https:\/\/api.w.org\/{rel}","templated":true}]}}