{"id":1455,"date":"2021-11-09T17:07:37","date_gmt":"2021-11-09T17:07:37","guid":{"rendered":"https:\/\/sare.eus\/?page_id=1455"},"modified":"2021-11-09T17:07:37","modified_gmt":"2021-11-09T17:07:37","slug":"aviso-legal","status":"publish","type":"page","link":"https:\/\/sare.eus\/es\/aviso-legal\/","title":{"rendered":"Aviso legal"},"content":{"rendered":"<p>[et_pb_section fb_built=\u00bb1&#8243; _builder_version=\u00bb4.11.2&#8243; _module_preset=\u00bbdefault\u00bb custom_padding=\u00bb0px|||||\u00bb][et_pb_row _builder_version=\u00bb4.11.2&#8243; _module_preset=\u00bbdefault\u00bb][et_pb_column _builder_version=\u00bb4.11.2&#8243; _module_preset=\u00bbdefault\u00bb type=\u00bb4_4&#8243;][et_pb_text _builder_version=\u00bb4.11.2&#8243; _module_preset=\u00bbdefault\u00bb hover_enabled=\u00bb0&#8243; sticky_enabled=\u00bb0&#8243;]<\/p>\n<p><strong>1. Identidad del titular de la presente web.<\/strong><\/p>\n<p>En cumplimiento de la Ley 34\/2002, de 11 de julio, de Servicios de la Sociedad de la Informaci\u00f3n y de Comercio Electr\u00f3nico, le informamos que el titular de WWW.SARE.EUS es KONPONBIDEAREN ETA GIZA ESKUBIDEEN ALDEKO SARE HERRITARRA ELKARTEA (G-75127555) Direcci\u00f3n:\u2028 Plaza Zaldiaran, n\u00ba 8 Bajo 01012 Vitoria-Gasteiz Correo electr\u00f3nico: \u2028gasteiz@sare.eus<\/p>\n<p><strong>2. Condiciones generales de uso de este sitio web<\/strong><\/p>\n<p>El acceso a esta p\u00e1gina web le atribuye la condici\u00f3n de \u201cUsuario\u201d, implicando su aceptaci\u00f3n expresa y sin reservas de las condiciones generales que est\u00e9n publicadas en WWW.SARE.EUS en el momento en que acceda a la web. Por lo tanto, el Usuario deber\u00e1 leer las presentes condiciones generales de uso, en cada una de las ocasiones en que se proponga acceder y en su caso utilizar los servicios prestados a trav\u00e9s de esta web, ya que \u00e9stas pueden sufrir modificaciones. \u2028<\/p>\n<p>2.1.-Objeto y \u00e1mbito de aplicaci\u00f3n\u2028Las presentes condiciones generales de uso, regulan el acceso, navegaci\u00f3n y uso de WWW.SARE.EUS as\u00ed como las responsabilid derivadas de la utilizaci\u00f3n de sus contenidos tales como los textos, gr\u00e1ficos, dibujos, dise\u00f1os, c\u00f3digos, software, fotograf\u00edas, m\u00fasica, v\u00eddeos, sonidos, bases de datos, im\u00e1genes, expresiones e informaciones, as\u00ed como cualquier otra creaci\u00f3n protegida por las leyes nacionales y los tratados internacionales sobre propiedad intelectual e industrial.\u2028<\/p>\n<p>2.2.-Condiciones acceso y utilizaci\u00f3n de los servicios<\/p>\n<p>\u2022 En todo momento, el Usuario debe realizar un uso l\u00edcito de los servicios de la presente web, de acuerdo con las presentes condiciones generales, as\u00ed como las pr\u00e1cticas generalmente aceptadas en Internet.<\/p>\n<p>\u2022 El Usuario garantiza que toda la informaci\u00f3n aportada a trav\u00e9s de los formularios incluidos en esta web es l\u00edcita, real, exacta, veraz y actualizada. Ser\u00e1 exclusiva responsabilidad del Usuario la comunicaci\u00f3n inmediata a KONPONBIDEAREN ETA GIZA ESKUBIDEEN ALDEKO SARE HERRITARRA ELKARTEA de cualquier modificaci\u00f3n que pueda darse en la informaci\u00f3n suministrada.<\/p>\n<p>\u2022 El Usuario se abstendr\u00e1 de: introducir virus, programas, macros o cualquier secuencia de caracteres con la finalidad de da\u00f1ar o alterar los sistemas inform\u00e1ticos de esta web; obstaculizar el acceso de otros usuarios mediante el consumo masivo de recursos; captar datos incluidos en esta web con finalidad publicitaria; reproducir, copiar, distribuir, transformar o poner a disposici\u00f3n de terceros los contenidos incluidos en esta web; realizar acciones a trav\u00e9s de los servicios incluidos es esta web que puedan lesionar la propiedad intelectual, derechos al honor, a la imagen y la intimidad personal de terceros; realizar acciones de competencia desleal y publicidad il\u00edcita.<\/p>\n<p><strong>3. Derechos de propiedad intelectual e industrial.<\/strong><\/p>\n<p>KONPONBIDEAREN ETA GIZA ESKUBIDEEN ALDEKO SARE HERRITARRA ELKARTEA es titular de los derechos de propiedad intelectual e industrial de todos los elementos que integran , WWW.SARE.EUS incluyendo la marca, nombre comercial o signo distintivo. En particular y a t\u00edtulo no limitativo, est\u00e1n protegidos por los derechos de autor, el dise\u00f1o gr\u00e1fico, c\u00f3digo fuente, logos, textos, gr\u00e1ficos, ilustraciones, fotograf\u00edas, sonidos y dem\u00e1s elementos contenidos en sitio web. \u2028En ning\u00fan caso el acceso o navegaci\u00f3n en WWW.SARE.EUS implica renuncia, transmisi\u00f3n o licencia total o parcial de KONPONBIDEAREN ETA GIZA ESKUBIDEEN ALDEKO SARE HERRITARRA ELKARTEA para uso personal al Usuario sobre sus derechos de propiedad intelectual e industrial.\u2028Por ello, el Usuario reconoce que la reproducci\u00f3n, copiado, distribuci\u00f3n, comercializaci\u00f3n, transformaci\u00f3n, reutilizaci\u00f3n, comunicaci\u00f3n p\u00fablica y en general, cualquier otra forma de explotaci\u00f3n, por cualquier procedimiento, de todo o parte de los contenidos de WWW.SARE.EUS sin autorizaci\u00f3n expresa y por escrito de, KONPONBIDEAREN ETA GIZA ESKUBIDEEN ALDEKO SARE HERRITARRA ELKARTEA constituye una infracci\u00f3n de sus derechos de propiedad intelectual y\/o industrial.<\/p>\n<p><strong>4. R\u00e9gimen de responsabilidad y garant\u00edas.<\/strong><\/p>\n<p>\u2022 KONPONBIDEAREN ETA GIZA ESKUBIDEEN ALDEKO SARE HERRITARRA ELKARTEA declara que ha adoptado las medidas tanto t\u00e9cnicas como organizativas, que dentro de sus posibilidades y el estado de la tecnolog\u00eda, permitan el correcto funcionamiento de la web as\u00ed como la ausencia de virus y componentes da\u00f1inos, sin embargo no puede hacerse responsable de: (a) la continuidad y disponibilidad de los contenidos y servicios recogidos en WWW.SARE.EUS ; (b) la ausencia de errores en dichos contenidos ni la correcci\u00f3n de cualquier defecto que pudiera ocurrir; (c) la ausencia de virus y\/o dem\u00e1s componentes da\u00f1inos en WWW.SARE.EUS ; (d) la inexpugnabilidad de las medidas de seguridad que se han adoptado; (e) los da\u00f1os o perjuicios que cause cualquier persona que vulnere los sistemas de seguridad de WWW.SARE.EUS<\/p>\n<p>\u2022 El Usuario ser\u00e1 el \u00fanico responsable ante terceros, de cualquier comunicaci\u00f3n enviada personalmente o a su nombre a WWW.SARE.EUS as\u00ed como del uso ileg\u00edtimo de los contenidos y servicios contenidos en esta web.<\/p>\n<p>\u2022 KONPONBIDEAREN ETA GIZA ESKUBIDEEN ALDEKO SARE HERRITARRA ELKARTEA se reserva el derecho a suspender temporalmente y sin previo aviso, la accesibilidad a WWW.SARE.EUS con motivo de operaciones de mantenimiento, reparaci\u00f3n, actualizaci\u00f3n o mejora. Siempre que las circunstancias lo permitan KONPONBIDEAREN ETA GIZA ESKUBIDEEN ALDEKO SARE HERRITARRA ELKARTEA publicar\u00e1 en su web, con antelaci\u00f3n suficiente, un aviso indicando la fecha prevista para la suspensi\u00f3n de los servicios.<\/p>\n<p>\u2022 Los enlaces a otras p\u00e1ginas web que en su caso existan en WWW.SARE.EUS pueden llevarle a sitios web de los que KONPONBIDEAREN ETA GIZA ESKUBIDEEN ALDEKO SARE HERRITARRA ELKARTEA no asume ninguna responsabilidad, ya que no tiene ning\u00fan tipo de control sobre los mismos, siendo su finalidad, informar al Usuario de otras fuentes de informaci\u00f3n, por lo que el Usuario accede bajo su exclusiva responsabilidad al contenido y en las condiciones de uso que rijan en los mismos.<\/p>\n<p>\u2022 KONPONBIDEAREN ETA GIZA ESKUBIDEEN ALDEKO SARE HERRITARRA ELKARTEA no se responsabiliza del uso que los Usuarios puedan hacer de los contenidos y servicios incluidos en su web. En consecuencia no garantiza que el uso que los Usuarios puedan hacer de los contenidos y servicios referidos, se ajusten a las presentes condiciones generales de uso, ni que lo hagan de forma diligente.<\/p>\n<p><strong>5. Duraci\u00f3n y modificaci\u00f3n. <\/strong><\/p>\n<p>\u2022 KONPONBIDEAREN ETA GIZA ESKUBIDEEN ALDEKO SARE HERRITARRA ELKARTEA se reserva el derecho a modificar, total o parcialmente, las presentes condiciones generales de acceso publicando los cambios en WWW.SARE.EUS Asimismo podr\u00e1 efectuar sin previo aviso las modificaciones que considere oportunas en el sitio web, pudiendo cambiar, suprimir o a\u00f1adir tanto los contenidos y servicios que presta, como la forma en la que \u00e9stos aparezcan presentados o localizados. En consecuencia se entender\u00e1n como vigentes, las condiciones generales que est\u00e9n publicadas en el momento en el que el Usuario acceda a WWW.SARE.EUS por lo que el Usuario deber\u00e1 leer peri\u00f3dicamente dichas condiciones de uso.<\/p>\n<p>\u2022 Con independencia de lo dispuesto en las condiciones particulares, KONPONBIDEAREN ETA GIZA ESKUBIDEEN ALDEKO SARE HERRITARRA ELKARTEA podr\u00e1 dar por terminado, suspender o interrumpir, en cualquier momento sin necesidad de preaviso, el acceso a los contenidos de la p\u00e1gina, sin posibilidad por parte del Usuario de exigir indemnizaci\u00f3n alguna.<\/p>\n<p><strong>6. Legislaci\u00f3n aplicable y competencia jurisdiccional.<\/strong><\/p>\n<p>Las relaciones establecidas entre KONPONBIDEAREN ETA GIZA ESKUBIDEEN ALDEKO SARE HERRITARRA ELKARTEA y el Usuario se regir\u00e1n por lo dispuesto en la normativa vigente acerca de la legislaci\u00f3n aplicable y la jurisdicci\u00f3n competente. No obstante, para los casos en los que la normativa prevea la posibilidad a las partes de someterse a un fuero, KONPONBIDEAREN ETA GIZA ESKUBIDEEN ALDEKO SARE HERRITARRA ELKARTEA y el Usuario, con renuncia expresa a cualquier otro fuero que pudiera corresponderles, se someten a los Juzgados y Tribunales de la ciudad de Bilbao.<\/p>\n<p>[\/et_pb_text][\/et_pb_column][\/et_pb_row][\/et_pb_section]<\/p>\n","protected":false},"excerpt":{"rendered":"<p>1. Identidad del titular de la presente web. En cumplimiento de la Ley 34\/2002, de 11 de julio, de Servicios de la Sociedad de la Informaci\u00f3n y de Comercio Electr\u00f3nico, [&hellip;]<\/p>\n","protected":false},"author":1,"featured_media":0,"parent":0,"menu_order":0,"comment_status":"closed","ping_status":"closed","template":"","meta":{"_acf_changed":false,"_et_pb_use_builder":"on","_et_pb_old_content":"","_et_gb_content_width":"","footnotes":""},"class_list":["post-1455","page","type-page","status-publish","hentry"],"acf":[],"yoast_head":"<!-- This site is optimized with the Yoast SEO plugin v26.4 - https:\/\/yoast.com\/wordpress\/plugins\/seo\/ -->\n<title>Aviso legal - Sare Herritarra<\/title>\n<meta name=\"robots\" content=\"index, follow, max-snippet:-1, max-image-preview:large, max-video-preview:-1\" \/>\n<link rel=\"canonical\" href=\"https:\/\/sare.eus\/es\/aviso-legal\/\" \/>\n<meta property=\"og:locale\" content=\"es_ES\" \/>\n<meta property=\"og:type\" content=\"article\" \/>\n<meta property=\"og:title\" content=\"Aviso legal - Sare Herritarra\" \/>\n<meta property=\"og:description\" content=\"1. Identidad del titular de la presente web. En cumplimiento de la Ley 34\/2002, de 11 de julio, de Servicios de la Sociedad de la Informaci\u00f3n y de Comercio Electr\u00f3nico, [&hellip;]\" \/>\n<meta property=\"og:url\" content=\"https:\/\/sare.eus\/es\/aviso-legal\/\" \/>\n<meta property=\"og:site_name\" content=\"Sare Herritarra\" \/>\n<meta property=\"og:image\" content=\"https:\/\/sare.eus\/wp-content\/uploads\/2021\/08\/cropped-sare.png\" \/>\n\t<meta property=\"og:image:width\" content=\"512\" \/>\n\t<meta property=\"og:image:height\" content=\"512\" \/>\n\t<meta property=\"og:image:type\" content=\"image\/png\" \/>\n<meta name=\"twitter:card\" content=\"summary_large_image\" \/>\n<meta name=\"twitter:label1\" content=\"Tiempo de lectura\" \/>\n\t<meta name=\"twitter:data1\" content=\"7 minutos\" \/>\n<script type=\"application\/ld+json\" class=\"yoast-schema-graph\">{\"@context\":\"https:\/\/schema.org\",\"@graph\":[{\"@type\":\"WebPage\",\"@id\":\"https:\/\/sare.eus\/es\/aviso-legal\/\",\"url\":\"https:\/\/sare.eus\/es\/aviso-legal\/\",\"name\":\"Aviso legal - Sare Herritarra\",\"isPartOf\":{\"@id\":\"https:\/\/sare.eus\/#website\"},\"datePublished\":\"2021-11-09T17:07:37+00:00\",\"breadcrumb\":{\"@id\":\"https:\/\/sare.eus\/es\/aviso-legal\/#breadcrumb\"},\"inLanguage\":\"es\",\"potentialAction\":[{\"@type\":\"ReadAction\",\"target\":[\"https:\/\/sare.eus\/es\/aviso-legal\/\"]}]},{\"@type\":\"BreadcrumbList\",\"@id\":\"https:\/\/sare.eus\/es\/aviso-legal\/#breadcrumb\",\"itemListElement\":[{\"@type\":\"ListItem\",\"position\":1,\"name\":\"Home\",\"item\":\"https:\/\/sare.eus\/\"},{\"@type\":\"ListItem\",\"position\":2,\"name\":\"Aviso legal\"}]},{\"@type\":\"WebSite\",\"@id\":\"https:\/\/sare.eus\/#website\",\"url\":\"https:\/\/sare.eus\/\",\"name\":\"Sare Herritarra\",\"description\":\"KONPONBIDEAREN ETA GIZA ESKUBIDEEN ALDEKO SARE HERRITARRA\",\"publisher\":{\"@id\":\"https:\/\/sare.eus\/#organization\"},\"potentialAction\":[{\"@type\":\"SearchAction\",\"target\":{\"@type\":\"EntryPoint\",\"urlTemplate\":\"https:\/\/sare.eus\/?s={search_term_string}\"},\"query-input\":{\"@type\":\"PropertyValueSpecification\",\"valueRequired\":true,\"valueName\":\"search_term_string\"}}],\"inLanguage\":\"es\"},{\"@type\":\"Organization\",\"@id\":\"https:\/\/sare.eus\/#organization\",\"name\":\"Sare Herritarra\",\"url\":\"https:\/\/sare.eus\/\",\"logo\":{\"@type\":\"ImageObject\",\"inLanguage\":\"es\",\"@id\":\"https:\/\/sare.eus\/#\/schema\/logo\/image\/\",\"url\":\"https:\/\/sare.eus\/wp-content\/uploads\/2021\/08\/sare.png\",\"contentUrl\":\"https:\/\/sare.eus\/wp-content\/uploads\/2021\/08\/sare.png\",\"width\":120,\"height\":142,\"caption\":\"Sare Herritarra\"},\"image\":{\"@id\":\"https:\/\/sare.eus\/#\/schema\/logo\/image\/\"}}]}<\/script>\n<!-- \/ Yoast SEO plugin. -->","yoast_head_json":{"title":"Aviso legal - Sare Herritarra","robots":{"index":"index","follow":"follow","max-snippet":"max-snippet:-1","max-image-preview":"max-image-preview:large","max-video-preview":"max-video-preview:-1"},"canonical":"https:\/\/sare.eus\/es\/aviso-legal\/","og_locale":"es_ES","og_type":"article","og_title":"Aviso legal - Sare Herritarra","og_description":"1. Identidad del titular de la presente web. En cumplimiento de la Ley 34\/2002, de 11 de julio, de Servicios de la Sociedad de la Informaci\u00f3n y de Comercio Electr\u00f3nico, [&hellip;]","og_url":"https:\/\/sare.eus\/es\/aviso-legal\/","og_site_name":"Sare Herritarra","og_image":[{"width":512,"height":512,"url":"https:\/\/sare.eus\/wp-content\/uploads\/2021\/08\/cropped-sare.png","type":"image\/png"}],"twitter_card":"summary_large_image","twitter_misc":{"Tiempo de lectura":"7 minutos"},"schema":{"@context":"https:\/\/schema.org","@graph":[{"@type":"WebPage","@id":"https:\/\/sare.eus\/es\/aviso-legal\/","url":"https:\/\/sare.eus\/es\/aviso-legal\/","name":"Aviso legal - Sare Herritarra","isPartOf":{"@id":"https:\/\/sare.eus\/#website"},"datePublished":"2021-11-09T17:07:37+00:00","breadcrumb":{"@id":"https:\/\/sare.eus\/es\/aviso-legal\/#breadcrumb"},"inLanguage":"es","potentialAction":[{"@type":"ReadAction","target":["https:\/\/sare.eus\/es\/aviso-legal\/"]}]},{"@type":"BreadcrumbList","@id":"https:\/\/sare.eus\/es\/aviso-legal\/#breadcrumb","itemListElement":[{"@type":"ListItem","position":1,"name":"Home","item":"https:\/\/sare.eus\/"},{"@type":"ListItem","position":2,"name":"Aviso legal"}]},{"@type":"WebSite","@id":"https:\/\/sare.eus\/#website","url":"https:\/\/sare.eus\/","name":"Sare Herritarra","description":"KONPONBIDEAREN ETA GIZA ESKUBIDEEN ALDEKO SARE HERRITARRA","publisher":{"@id":"https:\/\/sare.eus\/#organization"},"potentialAction":[{"@type":"SearchAction","target":{"@type":"EntryPoint","urlTemplate":"https:\/\/sare.eus\/?s={search_term_string}"},"query-input":{"@type":"PropertyValueSpecification","valueRequired":true,"valueName":"search_term_string"}}],"inLanguage":"es"},{"@type":"Organization","@id":"https:\/\/sare.eus\/#organization","name":"Sare Herritarra","url":"https:\/\/sare.eus\/","logo":{"@type":"ImageObject","inLanguage":"es","@id":"https:\/\/sare.eus\/#\/schema\/logo\/image\/","url":"https:\/\/sare.eus\/wp-content\/uploads\/2021\/08\/sare.png","contentUrl":"https:\/\/sare.eus\/wp-content\/uploads\/2021\/08\/sare.png","width":120,"height":142,"caption":"Sare Herritarra"},"image":{"@id":"https:\/\/sare.eus\/#\/schema\/logo\/image\/"}}]}},"_links":{"self":[{"href":"https:\/\/sare.eus\/es\/wp-json\/wp\/v2\/pages\/1455","targetHints":{"allow":["GET"]}}],"collection":[{"href":"https:\/\/sare.eus\/es\/wp-json\/wp\/v2\/pages"}],"about":[{"href":"https:\/\/sare.eus\/es\/wp-json\/wp\/v2\/types\/page"}],"author":[{"embeddable":true,"href":"https:\/\/sare.eus\/es\/wp-json\/wp\/v2\/users\/1"}],"replies":[{"embeddable":true,"href":"https:\/\/sare.eus\/es\/wp-json\/wp\/v2\/comments?post=1455"}],"version-history":[{"count":3,"href":"https:\/\/sare.eus\/es\/wp-json\/wp\/v2\/pages\/1455\/revisions"}],"predecessor-version":[{"id":1458,"href":"https:\/\/sare.eus\/es\/wp-json\/wp\/v2\/pages\/1455\/revisions\/1458"}],"wp:attachment":[{"href":"https:\/\/sare.eus\/es\/wp-json\/wp\/v2\/media?parent=1455"}],"curies":[{"name":"wp","href":"https:\/\/api.w.org\/{rel}","templated":true}]}}